{"id":1050,"date":"2025-02-04T16:51:16","date_gmt":"2025-02-04T22:51:16","guid":{"rendered":"https:\/\/www.tacotal.com\/packages\/"},"modified":"2025-02-17T11:32:21","modified_gmt":"2025-02-17T17:32:21","slug":"paquetes","status":"publish","type":"page","link":"https:\/\/www.tacotal.com\/es\/paquetes\/","title":{"rendered":"PAQUETES"},"content":{"rendered":"\t\t<div data-elementor-type=\"wp-page\" data-elementor-id=\"1050\" class=\"elementor elementor-1050 elementor-32\" data-elementor-post-type=\"page\">\n\t\t\t\t<div class=\"elementor-element elementor-element-e3628cf e-con-full e-flex e-con e-parent\" data-id=\"e3628cf\" data-element_type=\"container\" data-settings=\"{&quot;background_background&quot;:&quot;classic&quot;}\">\n\t\t\t\t<\/div>\n\t\t<div class=\"elementor-element elementor-element-8a9b464 e-flex e-con-boxed e-con e-parent\" data-id=\"8a9b464\" data-element_type=\"container\">\n\t\t\t\t\t<div class=\"e-con-inner\">\n\t\t\t\t<div class=\"elementor-element elementor-element-63c50f4 elementor-widget elementor-widget-heading\" data-id=\"63c50f4\" data-element_type=\"widget\" data-widget_type=\"heading.default\">\n\t\t\t\t<div class=\"elementor-widget-container\">\n\t\t\t\t\t<h2 class=\"elementor-heading-title elementor-size-default\">Paquetes\n\n\n<\/h2>\t\t\t\t<\/div>\n\t\t\t\t<\/div>\n\t\t\t\t<div class=\"elementor-element elementor-element-a95ec68 elementor-widget-divider--view-line elementor-widget elementor-widget-divider\" data-id=\"a95ec68\" data-element_type=\"widget\" data-widget_type=\"divider.default\">\n\t\t\t\t<div class=\"elementor-widget-container\">\n\t\t\t\t\t\t\t<div class=\"elementor-divider\">\n\t\t\t<span class=\"elementor-divider-separator\">\n\t\t\t\t\t\t<\/span>\n\t\t<\/div>\n\t\t\t\t\t\t<\/div>\n\t\t\t\t<\/div>\n\t\t\t\t\t<\/div>\n\t\t\t\t<\/div>\n\t\t<div class=\"elementor-element elementor-element-3decc18 e-flex e-con-boxed e-con e-parent\" data-id=\"3decc18\" data-element_type=\"container\" data-settings=\"{&quot;background_background&quot;:&quot;classic&quot;}\">\n\t\t\t\t\t<div class=\"e-con-inner\">\n\t\t<div class=\"elementor-element elementor-element-81d85db e-con-full e-flex e-con e-child\" data-id=\"81d85db\" data-element_type=\"container\">\n\t\t\t\t<div class=\"elementor-element elementor-element-22c8027 elementor-widget elementor-widget-image\" data-id=\"22c8027\" data-element_type=\"widget\" data-widget_type=\"image.default\">\n\t\t\t\t<div class=\"elementor-widget-container\">\n\t\t\t\t\t\t\t\t\t\t\t\t\t\t\t<img fetchpriority=\"high\" decoding=\"async\" width=\"1080\" height=\"804\" src=\"https:\/\/www.tacotal.com\/wp-content\/uploads\/2025\/02\/packakes11.png\" class=\"attachment-full size-full wp-image-716\" alt=\"\" srcset=\"https:\/\/www.tacotal.com\/wp-content\/uploads\/2025\/02\/packakes11.png 1080w, https:\/\/www.tacotal.com\/wp-content\/uploads\/2025\/02\/packakes11-300x223.png 300w, https:\/\/www.tacotal.com\/wp-content\/uploads\/2025\/02\/packakes11-1024x762.png 1024w, https:\/\/www.tacotal.com\/wp-content\/uploads\/2025\/02\/packakes11-768x572.png 768w\" sizes=\"(max-width: 1080px) 100vw, 1080px\" \/>\t\t\t\t\t\t\t\t\t\t\t\t\t\t\t<\/div>\n\t\t\t\t<\/div>\n\t\t\t\t<\/div>\n\t\t<div class=\"elementor-element elementor-element-31d1d1b e-con-full e-flex e-con e-child\" data-id=\"31d1d1b\" data-element_type=\"container\" data-settings=\"{&quot;background_background&quot;:&quot;classic&quot;}\">\n\t\t\t\t<div class=\"elementor-element elementor-element-9255add elementor-widget elementor-widget-heading\" data-id=\"9255add\" data-element_type=\"widget\" data-widget_type=\"heading.default\">\n\t\t\t\t<div class=\"elementor-widget-container\">\n\t\t\t\t\t<h2 class=\"elementor-heading-title elementor-size-default\">Renovaci\u00f3n Energ\u00e9tica\n<\/h2>\t\t\t\t<\/div>\n\t\t\t\t<\/div>\n\t\t\t\t<div class=\"elementor-element elementor-element-845a530 elementor-widget elementor-widget-text-editor\" data-id=\"845a530\" data-element_type=\"widget\" data-widget_type=\"text-editor.default\">\n\t\t\t\t<div class=\"elementor-widget-container\">\n\t\t\t\t\t\t\t\t\t<p>Rel\u00e1jate y renueva tu energ\u00eda con nuestro paquete de relajaci\u00f3n. Sum\u00e9rgete en un oasis de tranquilidad mientras nosotros nos encargamos de tu bienestar. Nuestro paquete incluye actividades relajantes dise\u00f1adas para que te sientas renovado y revitalizado.<\/p><p>Este paquete incluye:<\/p><p>Alojamiento en habitaci\u00f3n est\u00e1ndar para 2 personas por 2 noches<br \/>Caminata en Parque M\u00edstico<br \/>C\u00f3ctel de bienvenida<br \/>Aguas termales con cena (en Paradise Hot Springs)<br \/>Masaje relajante (1 hora)<br \/>$417 impuestos incluidos<br \/>El paquete debe ser prepagado en su totalidad y no es reembolsable.<\/p>\t\t\t\t\t\t\t\t<\/div>\n\t\t\t\t<\/div>\n\t\t\t\t<\/div>\n\t\t\t\t\t<\/div>\n\t\t\t\t<\/div>\n\t\t<div class=\"elementor-element elementor-element-29736e7 e-flex e-con-boxed e-con e-parent\" data-id=\"29736e7\" data-element_type=\"container\" data-settings=\"{&quot;background_background&quot;:&quot;classic&quot;}\">\n\t\t\t\t\t<div class=\"e-con-inner\">\n\t\t<div class=\"elementor-element elementor-element-5b61929 e-con-full e-flex e-con e-child\" data-id=\"5b61929\" data-element_type=\"container\" data-settings=\"{&quot;background_background&quot;:&quot;classic&quot;}\">\n\t\t\t\t<div class=\"elementor-element elementor-element-bd82f43 elementor-widget elementor-widget-heading\" data-id=\"bd82f43\" data-element_type=\"widget\" data-widget_type=\"heading.default\">\n\t\t\t\t<div class=\"elementor-widget-container\">\n\t\t\t\t\t<h2 class=\"elementor-heading-title elementor-size-default\">Para\u00edso del Amor\n\n<\/h2>\t\t\t\t<\/div>\n\t\t\t\t<\/div>\n\t\t\t\t<div class=\"elementor-element elementor-element-1a5db5f elementor-widget elementor-widget-text-editor\" data-id=\"1a5db5f\" data-element_type=\"widget\" data-widget_type=\"text-editor.default\">\n\t\t\t\t<div class=\"elementor-widget-container\">\n\t\t\t\t\t\t\t\t\t<p>Descubra nuestra oferta \u00abPara\u00edso del Amor\u00bb y sum\u00e9rjase en el romance durante su luna de miel. Celebre el comienzo de su vida juntos con un paquete especialmente dise\u00f1ado para crear recuerdos inolvidables en este momento tan especial.<\/p><p>Este paquete incluye:<\/p><p>Alojamiento para 2 personas en habitaci\u00f3n est\u00e1ndar por 2 noches<br \/>Decoraci\u00f3n de la habitaci\u00f3n con una botella de vino y fresas<br \/>C\u00f3ctel de bienvenida<br \/>Aguas termales con cena (en Paradise Hot Springs)<br \/>Tour de aventura &#8211; rafting (incluye almuerzo)<br \/>Masaje relajante para 2 personas (1 hora)<br \/>$596 incluyendo impuestos<br \/>El paquete debe ser pagado por adelantado en su totalidad y no es reembolsable.<\/p>\t\t\t\t\t\t\t\t<\/div>\n\t\t\t\t<\/div>\n\t\t\t\t<\/div>\n\t\t<div class=\"elementor-element elementor-element-ec022e5 e-con-full e-flex e-con e-child\" data-id=\"ec022e5\" data-element_type=\"container\">\n\t\t\t\t<div class=\"elementor-element elementor-element-fa2fc47 elementor-widget elementor-widget-image\" data-id=\"fa2fc47\" data-element_type=\"widget\" data-widget_type=\"image.default\">\n\t\t\t\t<div class=\"elementor-widget-container\">\n\t\t\t\t\t\t\t\t\t\t\t\t\t\t\t<img decoding=\"async\" width=\"1080\" height=\"804\" src=\"https:\/\/www.tacotal.com\/wp-content\/uploads\/2025\/02\/packakes2.png\" class=\"attachment-full size-full wp-image-736\" alt=\"\" srcset=\"https:\/\/www.tacotal.com\/wp-content\/uploads\/2025\/02\/packakes2.png 1080w, https:\/\/www.tacotal.com\/wp-content\/uploads\/2025\/02\/packakes2-300x223.png 300w, https:\/\/www.tacotal.com\/wp-content\/uploads\/2025\/02\/packakes2-1024x762.png 1024w, https:\/\/www.tacotal.com\/wp-content\/uploads\/2025\/02\/packakes2-768x572.png 768w\" sizes=\"(max-width: 1080px) 100vw, 1080px\" \/>\t\t\t\t\t\t\t\t\t\t\t\t\t\t\t<\/div>\n\t\t\t\t<\/div>\n\t\t\t\t<\/div>\n\t\t\t\t\t<\/div>\n\t\t\t\t<\/div>\n\t\t<div class=\"elementor-element elementor-element-7e46fef e-flex e-con-boxed e-con e-parent\" data-id=\"7e46fef\" data-element_type=\"container\" data-settings=\"{&quot;background_background&quot;:&quot;classic&quot;}\">\n\t\t\t\t\t<div class=\"e-con-inner\">\n\t\t<div class=\"elementor-element elementor-element-261c164 e-con-full e-flex e-con e-child\" data-id=\"261c164\" data-element_type=\"container\">\n\t\t\t\t<div class=\"elementor-element elementor-element-ba28e1c elementor-widget elementor-widget-image\" data-id=\"ba28e1c\" data-element_type=\"widget\" data-widget_type=\"image.default\">\n\t\t\t\t<div class=\"elementor-widget-container\">\n\t\t\t\t\t\t\t\t\t\t\t\t\t\t\t<img decoding=\"async\" width=\"1080\" height=\"804\" src=\"https:\/\/www.tacotal.com\/wp-content\/uploads\/2025\/02\/packakes3.png\" class=\"attachment-full size-full wp-image-744\" alt=\"\" srcset=\"https:\/\/www.tacotal.com\/wp-content\/uploads\/2025\/02\/packakes3.png 1080w, https:\/\/www.tacotal.com\/wp-content\/uploads\/2025\/02\/packakes3-300x223.png 300w, https:\/\/www.tacotal.com\/wp-content\/uploads\/2025\/02\/packakes3-1024x762.png 1024w, https:\/\/www.tacotal.com\/wp-content\/uploads\/2025\/02\/packakes3-768x572.png 768w\" sizes=\"(max-width: 1080px) 100vw, 1080px\" \/>\t\t\t\t\t\t\t\t\t\t\t\t\t\t\t<\/div>\n\t\t\t\t<\/div>\n\t\t\t\t<\/div>\n\t\t<div class=\"elementor-element elementor-element-75977bd e-con-full e-flex e-con e-child\" data-id=\"75977bd\" data-element_type=\"container\" data-settings=\"{&quot;background_background&quot;:&quot;classic&quot;}\">\n\t\t\t\t<div class=\"elementor-element elementor-element-a29900d elementor-widget elementor-widget-heading\" data-id=\"a29900d\" data-element_type=\"widget\" data-widget_type=\"heading.default\">\n\t\t\t\t<div class=\"elementor-widget-container\">\n\t\t\t\t\t<h2 class=\"elementor-heading-title elementor-size-default\">Adrenalina Fortuna\n<\/h2>\t\t\t\t<\/div>\n\t\t\t\t<\/div>\n\t\t\t\t<div class=\"elementor-element elementor-element-e9f1667 elementor-widget elementor-widget-text-editor\" data-id=\"e9f1667\" data-element_type=\"widget\" data-widget_type=\"text-editor.default\">\n\t\t\t\t<div class=\"elementor-widget-container\">\n\t\t\t\t\t\t\t\t\t<p>Bienvenido a nuestra incre\u00edble oferta \u00abArenalina Fortuna\u00bb. Prep\u00e1rese para una emocionante experiencia llena de aventuras. Ofrecemos una amplia variedad de emocionantes actividades en el impresionante entorno de La Fortuna.<\/p><p>Este paquete incluye:<\/p><p>Alojamiento para 2 personas en habitaci\u00f3n est\u00e1ndar por 2 noches<br \/>Tour de tirolesa (en Sky Adventure)<br \/>C\u00f3ctel de bienvenida<br \/>Aguas termales con cena (en Paradise Hot Springs)<br \/>Tour de rafting (incluye almuerzo)<br \/>$638.24 incluidos impuestos<br \/>El paquete debe pagarse por adelantado en su totalidad y no es reembolsable.<\/p>\t\t\t\t\t\t\t\t<\/div>\n\t\t\t\t<\/div>\n\t\t\t\t<\/div>\n\t\t\t\t\t<\/div>\n\t\t\t\t<\/div>\n\t\t\t\t<\/div>\n\t\t","protected":false},"excerpt":{"rendered":"<p>Paquetes Renovaci\u00f3n Energ\u00e9tica Rel\u00e1jate y renueva tu energ\u00eda con nuestro paquete de relajaci\u00f3n. Sum\u00e9rgete en un oasis de tranquilidad mientras nosotros nos encargamos de tu bienestar. Nuestro paquete incluye actividades relajantes dise\u00f1adas para que te sientas renovado y revitalizado. Este paquete incluye: Alojamiento en habitaci\u00f3n est\u00e1ndar para 2 personas por 2 nochesCaminata en Parque M\u00edsticoC\u00f3ctel [&hellip;]<\/p>\n","protected":false},"author":1,"featured_media":0,"parent":0,"menu_order":0,"comment_status":"closed","ping_status":"closed","template":"elementor_header_footer","meta":{"footnotes":""},"class_list":["post-1050","page","type-page","status-publish","hentry"],"_links":{"self":[{"href":"https:\/\/www.tacotal.com\/es\/wp-json\/wp\/v2\/pages\/1050","targetHints":{"allow":["GET"]}}],"collection":[{"href":"https:\/\/www.tacotal.com\/es\/wp-json\/wp\/v2\/pages"}],"about":[{"href":"https:\/\/www.tacotal.com\/es\/wp-json\/wp\/v2\/types\/page"}],"author":[{"embeddable":true,"href":"https:\/\/www.tacotal.com\/es\/wp-json\/wp\/v2\/users\/1"}],"replies":[{"embeddable":true,"href":"https:\/\/www.tacotal.com\/es\/wp-json\/wp\/v2\/comments?post=1050"}],"version-history":[{"count":7,"href":"https:\/\/www.tacotal.com\/es\/wp-json\/wp\/v2\/pages\/1050\/revisions"}],"predecessor-version":[{"id":1058,"href":"https:\/\/www.tacotal.com\/es\/wp-json\/wp\/v2\/pages\/1050\/revisions\/1058"}],"wp:attachment":[{"href":"https:\/\/www.tacotal.com\/es\/wp-json\/wp\/v2\/media?parent=1050"}],"curies":[{"name":"wp","href":"https:\/\/api.w.org\/{rel}","templated":true}]}}